{"id":1583,"date":"2025-07-01T17:08:43","date_gmt":"2025-07-01T15:08:43","guid":{"rendered":"https:\/\/www.atboden.se\/?post_type=product&#038;p=1583"},"modified":"2025-07-01T17:08:43","modified_gmt":"2025-07-01T15:08:43","slug":"batvagn-bb2","status":"publish","type":"product","link":"https:\/\/www.atboden.se\/?product=batvagn-bb2","title":{"rendered":"B\u00e5tvagn BB2"},"content":{"rendered":"<p>B\u00e5tvagn till bland annat f\u00f6rsvarets Bogserb\u00e5t 2<\/p>\n<p>Winch \/ tipp<\/p>\n<p>Mer bilder finns pris p\u00e5 beg\u00e4ran.<\/p>\n","protected":false},"excerpt":{"rendered":"<p>B\u00e5tvagn till bland annat f\u00f6rsvarets Bogserb\u00e5t 2 Winch \/ tipp Mer bilder finns pris p\u00e5 beg\u00e4ran.<\/p>\n","protected":false},"featured_media":0,"comment_status":"closed","ping_status":"closed","template":"","meta":[],"product_cat":[141],"product_tag":[],"class_list":{"0":"post-1583","1":"product","2":"type-product","3":"status-publish","5":"product_cat-fordon","7":"first","8":"instock","9":"shipping-taxable","10":"product-type-simple"},"jetpack_sharing_enabled":true,"_links":{"self":[{"href":"https:\/\/www.atboden.se\/index.php?rest_route=\/wp\/v2\/product\/1583","targetHints":{"allow":["GET"]}}],"collection":[{"href":"https:\/\/www.atboden.se\/index.php?rest_route=\/wp\/v2\/product"}],"about":[{"href":"https:\/\/www.atboden.se\/index.php?rest_route=\/wp\/v2\/types\/product"}],"replies":[{"embeddable":true,"href":"https:\/\/www.atboden.se\/index.php?rest_route=%2Fwp%2Fv2%2Fcomments&post=1583"}],"version-history":[{"count":1,"href":"https:\/\/www.atboden.se\/index.php?rest_route=\/wp\/v2\/product\/1583\/revisions"}],"predecessor-version":[{"id":1584,"href":"https:\/\/www.atboden.se\/index.php?rest_route=\/wp\/v2\/product\/1583\/revisions\/1584"}],"wp:attachment":[{"href":"https:\/\/www.atboden.se\/index.php?rest_route=%2Fwp%2Fv2%2Fmedia&parent=1583"}],"wp:term":[{"taxonomy":"product_cat","embeddable":true,"href":"https:\/\/www.atboden.se\/index.php?rest_route=%2Fwp%2Fv2%2Fproduct_cat&post=1583"},{"taxonomy":"product_tag","embeddable":true,"href":"https:\/\/www.atboden.se\/index.php?rest_route=%2Fwp%2Fv2%2Fproduct_tag&post=1583"}],"curies":[{"name":"wp","href":"https:\/\/api.w.org\/{rel}","templated":true}]}}